{"id":235,"date":"2022-05-27T08:54:48","date_gmt":"2022-05-27T06:54:48","guid":{"rendered":"https:\/\/waldowo.salezjanie.waw.pl\/?page_id=235"},"modified":"2022-07-30T19:24:19","modified_gmt":"2022-07-30T17:24:19","slug":"chrzest-swiety","status":"publish","type":"page","link":"https:\/\/waldowo.salezjanie.waw.pl\/?page_id=235","title":{"rendered":"SAKRAMENTY"},"content":{"rendered":"\n<h2><strong>Chrzest \u015bwi\u0119ty<\/strong><\/h2>\n\n\n\n<p>Dziecko do chrztu w kancelarii parafialnej zg\u0142aszaj\u0105 rodzice na&nbsp;2 tygodnie przed planowanym terminem chrztu, przedstawiaj\u0105c: akt urodzenia dziecka oraz za\u015bwiadczenie, \u017ce rodzice chrzestni s\u0105 praktykuj\u0105cymi katolikami.<\/p>\n\n\n\n<p><strong>Warunki udzielania chrztu:<\/strong><\/p>\n\n\n\n<ul><li>Sakrament chrztu jest udzielany dzieciom, kt\u00f3rych rodzice mieszkaj\u0105 na terenie naszej parafii<br><em>\/osoby spoza parafii, kt\u00f3re z wa\u017cnych powod\u00f3w chcia\u0142yby ochrzci\u0107 dziecko w naszym ko\u015bciele powinny przedstawi\u0107 zgod\u0119 na chrzest wydan\u0105 przez swoj\u0105 parafi\u0119\/<\/em><\/li><li>przy zg\u0142oszeniu wymagana jest metryka urodzenia dziecka wydana przez USC<\/li><li>przynajmniej jedno z rodzic\u00f3w musi wyrazi\u0107 zgod\u0119 na chrzest<\/li><li>rodzice maj\u0105 obowi\u0105zek zapewni\u0107 dziecku pe\u0142ne warunki wychowania katolickiego;<\/li><li>dziecko powinno mie\u0107 jednego lub par\u0119 rodzic\u00f3w chrzestnych, czyli osoby wyznaczone przez rodzic\u00f3w, kt\u00f3re b\u0119d\u0105 mog\u0142y uczestniczy\u0107 w pe\u0142ni w obrz\u0119dach chrztu oraz b\u0119d\u0105 wspiera\u0107 rodzic\u00f3w w staraniach o to, by ich dziecko dosz\u0142o do wyznawania wiary i wyra\u017ca\u0142o j\u0105 \u017cyciem<\/li><li>chrzestny\/a musi spe\u0142nia\u0107 nast\u0119puj\u0105ce warunki:<ul><li>mie\u0107 uko\u0144czone 16 lat<\/li><li>by\u0107 praktykuj\u0105cym katolikiem, kt\u00f3ry przyj\u0105\u0142 sakramenty wtajemniczenia chrze\u015bcija\u0144skiego: chrzest, bierzmowanie i Eucharysti\u0119<\/li><li>prowadzi\u0107 \u017cycie zgodne z wiar\u0105&nbsp;<em>\/nie mo\u017ce by\u0107 to by\u0107 osoba, kt\u00f3ra \u017cyje w zwi\u0105zku niesakramentalnym\/<\/em><\/li><li>przedstawi\u0107 za\u015bwiadczenie wydane przez parafi\u0119 miejsca zamieszkania, \u017ce mo\u017ce pe\u0142ni\u0107 funkcj\u0119 chrzestnego&nbsp;<em>\/osoby ochrzczone, nale\u017c\u0105ce do niekatolickiej wsp\u00f3lnoty chrze\u015bcija\u0144skiej mog\u0105 pe\u0142ni\u0107 jedynie funkcj\u0119 \u015bwiadka chrztu obok chrzestnego katolika\/<\/em><\/li><\/ul><\/li><\/ul>\n\n\n\n<p><strong>Rzeczy potrzebne do chrztu:<\/strong><\/p>\n\n\n\n<ul><li>BIA\u0141A SZATA<\/li><li>\u015aWIECA CHRZCIELNA<\/li><\/ul>\n\n\n\n<hr class=\"wp-block-separator has-alpha-channel-opacity\" \/>\n\n\n\n<h2><strong>Ma\u0142\u017ce\u0144stwo<\/strong><\/h2>\n\n\n\n<p><strong>Spisanie protoko\u0142u rozm\u00f3w kanoniczno-duszpasterskich w kancelarii parafialnej<\/strong><\/p>\n\n\n\n<p>Najp\u00f3\u017aniej na trzy miesi\u0105ce przed \u015blubem&nbsp;oboje narzeczeni zg\u0142aszaj\u0105 si\u0119 do kancelarii parafialnej w miejscu zamieszkania narzeczonej lub narzeczonego, by um\u00f3wi\u0107 si\u0119 na spisanie protoko\u0142u przed\u015blubnego.<\/p>\n\n\n\n<p>Na spotkanie, w czasie kt\u00f3rego nast\u0105pi spisanie protoko\u0142u rozm\u00f3w kanoniczno-duszpasterskich narzeczeni przynosz\u0105 ze sob\u0105:<\/p>\n\n\n\n<ol><li>dowody osobiste,<\/li><li>metryki chrztu do \u015blubu (aktualne),<\/li><li>dokument z USC stwierdzaj\u0105ce stan wolny narzeczonych (te dokumenty potrzebne s\u0105 w celu zawarcia tzw. \u015blubu konkordatowego czyli ze skutkiem cywilnym). S\u0105 wa\u017cne tylko 6 miesi\u0105ce od daty wydania i musz\u0105 by\u0107 aktualne (wa\u017cne) w dniu \u015blubu.,<br>lub dokument kontraktu cywilnego,<\/li><li>indeks lub \u015bwiadectwo uko\u0144czenia katechizacji,<\/li><li>\u015bwiadectwo uko\u0144czenia katechez dla narzeczonych i odbycia spotka\u0144 w Katolickiej Poradni \u017bycia Rodzinnego.<\/li><\/ol>\n\n\n\n<p><\/p>\n\n\n\n<hr class=\"wp-block-separator has-alpha-channel-opacity\" \/>\n\n\n\n<h2 id=\"u1817-20\"><strong>Bierzmowanie<\/strong><\/h2>\n\n\n\n<p id=\"u1817-22\">\u201ePrzez sakrament bierzmowania (ochrzczeni) jeszcze \u015bci\u015blej wi\u0105\u017c\u0105 si\u0119 z Ko\u015bcio\u0142em, otrzymuj\u0105 szczeg\u00f3ln\u0105 moc Ducha \u015awi\u0119tego i ten spos\u00f3b jeszcze mocniej zobowi\u0105zani s\u0105 \u2013 jako prawdziwi \u015bwiadkowie Chrystusa \u2013 do szerzenia wiary s\u0142owem i uczynkiem oraz do bronienia jej\u201d (KKK 1285).<\/p>\n\n\n\n<p>Kandydaci do Bierzmowania:<\/p>\n\n\n\n<p>1.&nbsp;W ka\u017cd\u0105 niedziel\u0119 i \u015bwi\u0119to nakazane uczestnicz\u0105 we Mszy \u015awi\u0119tej<\/p>\n\n\n\n<p>2.&nbsp;Regularnie przyst\u0119puj\u0105 do Sakramentu Pokuty<\/p>\n\n\n\n<p>3.&nbsp;Sumiennie i aktywnie uczestnicz\u0105 w katechezie szkolnej <\/p>\n\n\n\n<p>4.&nbsp;Systematycznie bior\u0105 udzia\u0142 w spotkaniach parafialnych przygotowuj\u0105cych do Sakramentu Bierzmowania <\/p>\n\n\n\n<p>5.&nbsp;Uczestniczy\u0107 w nabo\u017ce\u0144stwach: r\u00f3\u017ca\u0144cowych (pa\u017adziernik), roratach (Adwent), rekolekcjach wielkopostnych, Drodze Krzy\u017cowej, Gorzkich \u017calach, nabo\u017ce\u0144stwach majowych<\/p>\n\n\n\n<p><\/p>\n\n\n\n<hr class=\"wp-block-separator has-alpha-channel-opacity\" \/>\n\n\n\n<h2><strong>Sakrament Eucharystii<\/strong><\/h2>\n\n\n\n<p>,,Eucharystia jest \u017ar\u00f3d\u0142em i zarazem szczytem ca\u0142ego \u017cycia chrze\u015bcija\u0144skiego&#8221; KKK 1324. Eucharystia rodzi Ko\u015bci\u00f3\u0142 a Ko\u015bci\u00f3\u0142 \u017cyje Eucharysti\u0105. Naj\u015bwi\u0119tsza Eucharystia jest najbardziej czcigodnym sakramentem, bowiem w Niej sam Jezus Chrystus jest obecny, ofiaruje si\u0119 za zbawienie ka\u017cdego cz\u0142owieka i daje si\u0119 chrze\u015bcijaninowi jako pokarm. Jest tak\u017ce najg\u0142\u0119bsz\u0105 tajemnic\u0105 naszego zjednoczenia z Chrystusem. Eucharystia jest znakiem jedno\u015bci i moc\u0105 jednocz\u0105c\u0105 ludzi. Podchodzimy do Komunii \u015bw., aby przyj\u0105\u0107 Chrystusa, wyj\u015b\u0107 na ulic\u0119, wr\u00f3ci\u0107 do domu i promieniowa\u0107 \u015bwi\u0119to\u015bci\u0105 samego Boga.<\/p>\n\n\n\n<p>Pierwsz\u0105 Komuni\u0119 \u015awi\u0119t\u0105 przyjmuj\u0105 dzieci z klas III Szk\u00f3\u0142 Podstawowych, po odpowiednim przygotowaniu. <\/p>\n\n\n\n<hr class=\"wp-block-separator has-alpha-channel-opacity\" \/>\n\n\n\n<h2><strong>Sakrament Pokuty i Pojednania<\/strong><\/h2>\n\n\n\n<p>Sakrament pokuty jest pierwszym darem zmartwychwsta\u0142ego Pana. W czasie pierwszego spotkania Jezusa z Aposto\u0142ami w Wieczerniku powiedzial:,, We\u017amijcie Ducha \u015awi\u0119tego! Kt\u00f3rym odpu\u015bcicie grzechy, s\u0105 im odpuszczone, a kt\u00f3rym zatrzymacie, s\u0105 im zatrzymane&#8221;. ,, Ci, kt\u00f3rzy przyst\u0119puj\u0105 do sakramentu pokuty, otrzymuj\u0105 od mi\u0142osierdzia Bo\u017cego przebaczenie zniewagi wyrz\u0105dzonej Bogu i r\u00f3wnocze\u015bnie dost\u0119puj\u0105 pojednania z Ko\u015bcio\u0142em, kt\u00f3remu grzesz\u0105c, zadali ran\u0119, a kt\u00f3ry przyczynia si\u0119 do ich nawr\u00f3cenia mi\u0142o\u015bci\u0105, przyk\u0142adem i modlitw\u0105&#8221; KKK 1422.&nbsp; Sakrament Pokuty jest skutecznym narz\u0119dziem pracy nad sob\u0105 na drodze wzrastania w \u015bwi\u0119to\u015bci.<\/p>\n\n\n\n<p>Spowied\u017a w naszej parafii jest codziennie podczas Mszy \u015awi\u0119tej odprawianymi rano i wieczorem. W czasie wakacji 15 minut przed Msz\u0105 \u015awi\u0119t\u0105.<\/p>\n\n\n\n<hr class=\"wp-block-separator has-alpha-channel-opacity\" \/>\n\n\n\n<h2><strong>Sakrament Chorych<\/strong><\/h2>\n\n\n\n<p>,,Przez \u015bwi\u0119te chorych namaszczenie i modlitw\u0119 kap\u0142an\u00f3w ca\u0142y Ko\u015bci\u00f3\u0142 poleca chorych cierpi\u0105cemu i uwielbionemu Panu, aby ich pod\u017awign\u0105\u0142 i zbawi\u0142; nadto zach\u0119ca ich, aby \u0142\u0105cz\u0105c si\u0119 dobrowolnie z m\u0119k\u0105 i \u015bmierci\u0105 Chrystusa, przysparzali dobra Ludowi Bo\u017cemu&#8221; KKK 1499. Jest to sakrament uzdrowienia przynosz\u0105cy umocnienie i ulg\u0119 w cierpieniu. Nie jest on zarezerwowany jedynie dla umieraj\u0105cych, ale dla \u017cyj\u0105cych. Przyjmujemy ten Sakrament w chorobie. Prosimy nie czeka\u0107 na ostatni\u0105 chwil\u0119, poniewa\u017c sakrament Namaszczenia Chorych nie jest udzielany osobom zmar\u0142ym.<\/p>\n\n\n\n<p>Chorych odwiedzamy w domach w ka\u017cdy pierwszy pi\u0105tek  miesi\u0105ca od godz. 9.00. <\/p>\n","protected":false},"excerpt":{"rendered":"<p>Chrzest \u015bwi\u0119ty Dziecko do chrztu w kancelarii parafialnej zg\u0142aszaj\u0105 rodzice na&nbsp;2 tygodnie przed planowanym terminem chrztu, przedstawiaj\u0105c: akt urodzenia dziecka oraz za\u015bwiadczenie, \u017ce rodzice chrzestni s\u0105 praktykuj\u0105cymi katolikami. Warunki udzielania chrztu: Sakrament chrztu jest udzielany dzieciom, kt\u00f3rych rodzice mieszkaj\u0105 na terenie naszej parafii\/osoby spoza parafii, kt\u00f3re z wa\u017cnych powod\u00f3w chcia\u0142yby ochrzci\u0107 dziecko w naszym ko\u015bciele [&hellip;]<\/p>\n","protected":false},"author":9,"featured_media":0,"parent":0,"menu_order":0,"comment_status":"closed","ping_status":"closed","template":"","meta":[],"_links":{"self":[{"href":"https:\/\/waldowo.salezjanie.waw.pl\/index.php?rest_route=\/wp\/v2\/pages\/235"}],"collection":[{"href":"https:\/\/waldowo.salezjanie.waw.pl\/index.php?rest_route=\/wp\/v2\/pages"}],"about":[{"href":"https:\/\/waldowo.salezjanie.waw.pl\/index.php?rest_route=\/wp\/v2\/types\/page"}],"author":[{"embeddable":true,"href":"https:\/\/waldowo.salezjanie.waw.pl\/index.php?rest_route=\/wp\/v2\/users\/9"}],"replies":[{"embeddable":true,"href":"https:\/\/waldowo.salezjanie.waw.pl\/index.php?rest_route=%2Fwp%2Fv2%2Fcomments&post=235"}],"version-history":[{"count":4,"href":"https:\/\/waldowo.salezjanie.waw.pl\/index.php?rest_route=\/wp\/v2\/pages\/235\/revisions"}],"predecessor-version":[{"id":417,"href":"https:\/\/waldowo.salezjanie.waw.pl\/index.php?rest_route=\/wp\/v2\/pages\/235\/revisions\/417"}],"wp:attachment":[{"href":"https:\/\/waldowo.salezjanie.waw.pl\/index.php?rest_route=%2Fwp%2Fv2%2Fmedia&parent=235"}],"curies":[{"name":"wp","href":"https:\/\/api.w.org\/{rel}","templated":true}]}}