{"id":265,"date":"2022-05-27T16:03:31","date_gmt":"2022-05-27T14:03:31","guid":{"rendered":"https:\/\/waldowo.salezjanie.waw.pl\/?page_id=265"},"modified":"2026-01-17T19:08:08","modified_gmt":"2026-01-17T18:08:08","slug":"duszpasterze","status":"publish","type":"page","link":"https:\/\/waldowo.salezjanie.waw.pl\/?page_id=265","title":{"rendered":"DUSZPASTERZE"},"content":{"rendered":"\n<p><strong>Duszpasterstwo&nbsp;<\/strong><strong>w parafii \u015bw. Jana Bosko&nbsp;<\/strong><strong>prowadzi<\/strong><\/p>\n\n\n\n<h2>Wsp\u00f3lnota zakonna salezjan\u00f3w<\/h2>\n\n\n\n<p><strong>Salezjanie (SDB)<\/strong>&nbsp;s\u0105 zgromadzeniem zakonnym, za\u0142o\u017conym przez \u015bw. Jana Bosko w 1859 w Turynie. Przybyli do Polski w 1898 i zgodnie z charyzmatem podj\u0119li prac\u0119 z m\u0142odzie\u017c\u0105 w szko\u0142ach, oratoriach, \u015bwietlicach, domach poprawczych, prowadz\u0105c parafie i wyje\u017cd\u017caj\u0105c na misje.<\/p>\n\n\n\n<p>Salezjanie w 1981 obejmuj\u0105 parafi\u0119 \u015bw. Dominika Savio w Ostr\u00f3dzie i tworz\u0105 przy niej wsp\u00f3lnot\u0119 zakonn\u0105 oraz szko\u0142\u0119.<\/p>\n\n\n\n<p><strong>W 1993 zakonnicy przejmuj\u0105 nowo powsta\u0142\u0105 parafi\u0119&nbsp;<\/strong><strong>\u015bw. Jana Bosko na Wa\u0142dowie.<\/strong><\/p>\n\n\n\n<p>Opr\u00f3cz duszpasterstwa parafialnego prowadz\u0105 Oratorium \u2013 Centrum M\u0142odzie\u017cowe.<\/p>\n\n\n\n<h2>Duszpasterze:<\/h2>\n\n\n\n<p><strong>Ks. Marek Borysiak SDB<\/strong>\u00a0\u2013\u00a0 Proboszcz i Dyrektor Wsp\u00f3lnoty Zakonnej<\/p>\n\n\n\n<p>Ks. Bart\u0142omiej Tuzinowski SDB &#8211; ekonom, katecheta, kierownik Oratorium, opiekun LSO<\/p>\n","protected":false},"excerpt":{"rendered":"<p>Duszpasterstwo&nbsp;w parafii \u015bw. Jana Bosko&nbsp;prowadzi Wsp\u00f3lnota zakonna salezjan\u00f3w Salezjanie (SDB)&nbsp;s\u0105 zgromadzeniem zakonnym, za\u0142o\u017conym przez \u015bw. Jana Bosko w 1859 w Turynie. Przybyli do Polski w 1898 i zgodnie z charyzmatem podj\u0119li prac\u0119 z m\u0142odzie\u017c\u0105 w szko\u0142ach, oratoriach, \u015bwietlicach, domach poprawczych, prowadz\u0105c parafie i wyje\u017cd\u017caj\u0105c na misje. Salezjanie w 1981 obejmuj\u0105 parafi\u0119 \u015bw. Dominika Savio w [&hellip;]<\/p>\n","protected":false},"author":9,"featured_media":0,"parent":0,"menu_order":0,"comment_status":"closed","ping_status":"closed","template":"","meta":[],"_links":{"self":[{"href":"https:\/\/waldowo.salezjanie.waw.pl\/index.php?rest_route=\/wp\/v2\/pages\/265"}],"collection":[{"href":"https:\/\/waldowo.salezjanie.waw.pl\/index.php?rest_route=\/wp\/v2\/pages"}],"about":[{"href":"https:\/\/waldowo.salezjanie.waw.pl\/index.php?rest_route=\/wp\/v2\/types\/page"}],"author":[{"embeddable":true,"href":"https:\/\/waldowo.salezjanie.waw.pl\/index.php?rest_route=\/wp\/v2\/users\/9"}],"replies":[{"embeddable":true,"href":"https:\/\/waldowo.salezjanie.waw.pl\/index.php?rest_route=%2Fwp%2Fv2%2Fcomments&post=265"}],"version-history":[{"count":5,"href":"https:\/\/waldowo.salezjanie.waw.pl\/index.php?rest_route=\/wp\/v2\/pages\/265\/revisions"}],"predecessor-version":[{"id":1355,"href":"https:\/\/waldowo.salezjanie.waw.pl\/index.php?rest_route=\/wp\/v2\/pages\/265\/revisions\/1355"}],"wp:attachment":[{"href":"https:\/\/waldowo.salezjanie.waw.pl\/index.php?rest_route=%2Fwp%2Fv2%2Fmedia&parent=265"}],"curies":[{"name":"wp","href":"https:\/\/api.w.org\/{rel}","templated":true}]}}